{"id":4446,"date":"2025-01-16T08:28:59","date_gmt":"2025-01-16T08:28:59","guid":{"rendered":"https:\/\/3dvsp.com\/yourdata\/"},"modified":"2025-01-16T12:48:17","modified_gmt":"2025-01-16T12:48:17","slug":"yourdata","status":"publish","type":"page","link":"https:\/\/3dvsp.com\/de\/yourdata\/","title":{"rendered":"yourdata"},"content":{"rendered":"\t\t<div data-elementor-type=\"wp-page\" data-elementor-id=\"4446\" class=\"elementor elementor-4446 elementor-4390\" data-elementor-post-type=\"page\">\n\t\t\t\t<div class=\"elementor-element elementor-element-1a38aaa e-flex e-con-boxed e-con e-parent\" data-id=\"1a38aaa\" data-element_type=\"container\" data-e-type=\"container\" data-settings=\"{&quot;background_background&quot;:&quot;classic&quot;}\">\n\t\t\t\t\t<div class=\"e-con-inner\">\n\t\t\t\t\t<\/div>\n\t\t\t\t<\/div>\n\t\t<div class=\"elementor-element elementor-element-379c615 e-flex e-con-boxed e-con e-parent\" data-id=\"379c615\" data-element_type=\"container\" data-e-type=\"container\" data-settings=\"{&quot;background_background&quot;:&quot;gradient&quot;}\">\n\t\t\t\t\t<div class=\"e-con-inner\">\n\t\t<div class=\"elementor-element elementor-element-2893301 e-con-full jedv-enabled--yes e-flex e-con e-child\" data-id=\"2893301\" data-element_type=\"container\" data-e-type=\"container\" data-settings=\"{&quot;background_background&quot;:&quot;classic&quot;}\">\n\t\t<div class=\"elementor-element elementor-element-85fb2b3 e-con-full e-flex e-con e-child\" data-id=\"85fb2b3\" data-element_type=\"container\" data-e-type=\"container\">\n\t\t\t\t<div class=\"elementor-element elementor-element-59932de elementor-widget elementor-widget-heading\" data-id=\"59932de\" data-element_type=\"widget\" data-e-type=\"widget\" data-widget_type=\"heading.default\">\n\t\t\t\t<div class=\"elementor-widget-container\">\n\t\t\t\t\t<span class=\"elementor-heading-title elementor-size-default\">3D VSP<\/span>\t\t\t\t<\/div>\n\t\t\t\t<\/div>\n\t\t\t\t<div class=\"elementor-element elementor-element-62eba77 elementor-widget elementor-widget-heading\" data-id=\"62eba77\" data-element_type=\"widget\" data-e-type=\"widget\" data-widget_type=\"heading.default\">\n\t\t\t\t<div class=\"elementor-widget-container\">\n\t\t\t\t\t<h1 class=\"elementor-heading-title elementor-size-default\">Zugang zu Ihren pers\u00f6nlichen Daten<\/h1>\t\t\t\t<\/div>\n\t\t\t\t<\/div>\n\t\t\t\t<div class=\"elementor-element elementor-element-3c9b000 elementor-widget elementor-widget-heading\" data-id=\"3c9b000\" data-element_type=\"widget\" data-e-type=\"widget\" data-widget_type=\"heading.default\">\n\t\t\t\t<div class=\"elementor-widget-container\">\n\t\t\t\t\t<p class=\"elementor-heading-title elementor-size-default\">In wenigen Schritten k\u00f6nnen Sie auf Ihre pers\u00f6nlichen Dateien in unserer sicheren Umgebung zugreifen. Geben Sie Ihre Daten ein und wir werden ein Konto erstellen.<\/p>\t\t\t\t<\/div>\n\t\t\t\t<\/div>\n\t\t\t\t<div class=\"elementor-element elementor-element-9650a19 elementor-widget-divider--view-line elementor-widget elementor-widget-divider\" data-id=\"9650a19\" data-element_type=\"widget\" data-e-type=\"widget\" data-widget_type=\"divider.default\">\n\t\t\t\t<div class=\"elementor-widget-container\">\n\t\t\t\t\t\t\t<div class=\"elementor-divider\">\n\t\t\t<span class=\"elementor-divider-separator\">\n\t\t\t\t\t\t<\/span>\n\t\t<\/div>\n\t\t\t\t\t\t<\/div>\n\t\t\t\t<\/div>\n\t\t\t\t<\/div>\n\t\t<div class=\"elementor-element elementor-element-540ea9f e-con-full e-flex e-con e-child\" data-id=\"540ea9f\" data-element_type=\"container\" data-e-type=\"container\">\n\t\t\t\t<div class=\"elementor-element elementor-element-0fbdaba elementor-button-align-end elementor-tablet-button-align-stretch elementor-widget elementor-widget-form\" data-id=\"0fbdaba\" data-element_type=\"widget\" data-e-type=\"widget\" data-settings=\"{&quot;step_next_label&quot;:&quot;Weiter&quot;,&quot;step_previous_label&quot;:&quot;Vorherige&quot;,&quot;step_type&quot;:&quot;number_text&quot;,&quot;step_icon_shape&quot;:&quot;circle&quot;}\" data-widget_type=\"form.default\">\n\t\t\t\t<div class=\"elementor-widget-container\">\n\t\t\t\t\t\t\t<form class=\"elementor-form\" method=\"post\" id=\"fileshare_form\" name=\"FileShare Formular\" aria-label=\"FileShare Formular\">\n\t\t\t<input type=\"hidden\" name=\"post_id\" value=\"4446\"\/>\n\t\t\t<input type=\"hidden\" name=\"form_id\" value=\"0fbdaba\"\/>\n\t\t\t<input type=\"hidden\" name=\"referer_title\" value=\"3D VSP\" \/>\n\n\t\t\t\n\t\t\t<div class=\"elementor-form-fields-wrapper elementor-labels-above\">\n\t\t\t\t\t\t\t\t<div class=\"elementor-field-type-text elementor-field-group elementor-column elementor-field-group-voornaam elementor-col-50 elementor-md-100 elementor-sm-100 elementor-field-required elementor-mark-required\">\n\t\t\t\t\t\t\t\t\t\t\t\t<label for=\"form-field-voornaam\" class=\"elementor-field-label\">\n\t\t\t\t\t\t\t\tVornamen\t\t\t\t\t\t\t<\/label>\n\t\t\t\t\t\t\t\t\t\t\t\t\t\t<input size=\"1\" type=\"text\" name=\"form_fields[voornaam]\" id=\"form-field-voornaam\" class=\"elementor-field elementor-size-sm  elementor-field-textual\" placeholder=\"Vornamen\" required=\"required\">\n\t\t\t\t\t\t\t\t\t\t\t<\/div>\n\t\t\t\t\t\t\t\t<div class=\"elementor-field-type-text elementor-field-group elementor-column elementor-field-group-initialen elementor-col-50 elementor-md-100 elementor-sm-100 elementor-field-required elementor-mark-required\">\n\t\t\t\t\t\t\t\t\t\t\t\t<label for=\"form-field-initialen\" class=\"elementor-field-label\">\n\t\t\t\t\t\t\t\tInitialen\t\t\t\t\t\t\t<\/label>\n\t\t\t\t\t\t\t\t\t\t\t\t\t\t<input size=\"1\" type=\"text\" name=\"form_fields[initialen]\" id=\"form-field-initialen\" class=\"elementor-field elementor-size-sm  elementor-field-textual\" placeholder=\"Initialen\" required=\"required\">\n\t\t\t\t\t\t\t\t\t\t\t<\/div>\n\t\t\t\t\t\t\t\t<div class=\"elementor-field-type-text elementor-field-group elementor-column elementor-field-group-lastname elementor-col-50 elementor-md-100 elementor-sm-100 elementor-field-required elementor-mark-required\">\n\t\t\t\t\t\t\t\t\t\t\t\t<label for=\"form-field-lastname\" class=\"elementor-field-label\">\n\t\t\t\t\t\t\t\tNachname\t\t\t\t\t\t\t<\/label>\n\t\t\t\t\t\t\t\t\t\t\t\t\t\t<input size=\"1\" type=\"text\" name=\"form_fields[lastname]\" id=\"form-field-lastname\" class=\"elementor-field elementor-size-sm  elementor-field-textual\" placeholder=\"Nachname\" required=\"required\">\n\t\t\t\t\t\t\t\t\t\t\t<\/div>\n\t\t\t\t\t\t\t\t<div class=\"elementor-field-type-date elementor-field-group elementor-column elementor-field-group-geboortedatum elementor-col-50 elementor-md-100 elementor-sm-100 elementor-field-required elementor-mark-required\">\n\t\t\t\t\t\t\t\t\t\t\t\t<label for=\"form-field-geboortedatum\" class=\"elementor-field-label\">\n\t\t\t\t\t\t\t\tGeburtsdatum\t\t\t\t\t\t\t<\/label>\n\t\t\t\t\t\t\n\t\t<input type=\"date\" name=\"form_fields[geboortedatum]\" id=\"form-field-geboortedatum\" class=\"elementor-field elementor-size-sm  elementor-field-textual elementor-date-field elementor-use-native\" required=\"required\" pattern=\"[0-9]{4}-[0-9]{2}-[0-9]{2}\">\n\t\t\t\t\t\t<\/div>\n\t\t\t\t\t\t\t\t<div class=\"elementor-field-type-email elementor-field-group elementor-column elementor-field-group-email elementor-col-100 elementor-field-required elementor-mark-required\">\n\t\t\t\t\t\t\t\t\t\t\t\t<label for=\"form-field-email\" class=\"elementor-field-label\">\n\t\t\t\t\t\t\t\tE-Mail\t\t\t\t\t\t\t<\/label>\n\t\t\t\t\t\t\t\t\t\t\t\t\t\t<input size=\"1\" type=\"email\" name=\"form_fields[email]\" id=\"form-field-email\" class=\"elementor-field elementor-size-sm  elementor-field-textual\" placeholder=\"E-Mail\" required=\"required\">\n\t\t\t\t\t\t\t\t\t\t\t<\/div>\n\t\t\t\t\t\t\t\t<div class=\"elementor-field-type-text elementor-field-group elementor-column elementor-field-group-referentienummer elementor-col-100 elementor-sm-100 elementor-field-required elementor-mark-required\">\n\t\t\t\t\t\t\t\t\t\t\t\t<label for=\"form-field-referentienummer\" class=\"elementor-field-label\">\n\t\t\t\t\t\t\t\tReferenznummer 3D VSP Karte\t\t\t\t\t\t\t<\/label>\n\t\t\t\t\t\t\t\t\t\t\t\t\t\t<input size=\"1\" type=\"text\" name=\"form_fields[referentienummer]\" id=\"form-field-referentienummer\" class=\"elementor-field elementor-size-sm  elementor-field-textual\" required=\"required\">\n\t\t\t\t\t\t\t\t\t\t\t<\/div>\n\t\t\t\t\t\t\t\t<div class=\"elementor-field-group elementor-column elementor-field-type-submit elementor-col-100 e-form__buttons\">\n\t\t\t\t\t<button class=\"elementor-button elementor-size-sm\" type=\"submit\">\n\t\t\t\t\t\t<span class=\"elementor-button-content-wrapper\">\n\t\t\t\t\t\t\t\t\t\t\t\t\t\t\t<span class=\"elementor-button-icon\">\n\t\t\t\t\t\t\t\t\t<svg xmlns=\"http:\/\/www.w3.org\/2000\/svg\" width=\"20\" height=\"14\" viewBox=\"0 0 20 14\" fill=\"none\"><path d=\"M14.1797 0.945312L19.8047 6.57031C19.9219 6.6875 20 6.84375 20 7C20 7.11719 19.9219 7.3125 19.8047 7.42969L14.1797 13.0547C13.9453 13.2891 13.5156 13.2891 13.2812 13.0547C13.0469 12.8203 13.0469 12.4297 13.2812 12.1562L17.8516 7.625H0.625C0.273438 7.625 0 7.3125 0 7C0 6.6875 0.273438 6.375 0.625 6.375H17.8516L13.2812 1.84375C13.0469 1.60938 13.0469 1.17969 13.2812 0.945312C13.5156 0.710938 13.9453 0.710938 14.1797 0.945312Z\" fill=\"white\"><\/path><\/svg>\t\t\t\t\t\t\t\t\t\t\t\t\t\t\t\t\t<\/span>\n\t\t\t\t\t\t\t\t\t\t\t\t\t\t\t\t\t\t\t\t\t\t<span class=\"elementor-button-text\">Senden<\/span>\n\t\t\t\t\t\t\t\t\t\t\t\t\t<\/span>\n\t\t\t\t\t<\/button>\n\t\t\t\t<\/div>\n\t\t\t<\/div>\n\t\t<\/form>\n\t\t\t\t\t\t<\/div>\n\t\t\t\t<\/div>\n\t\t\t\t<div class=\"jet-tooltip-widget elementor-element elementor-element-bbe1754 elementor-widget elementor-widget-html\" role=\"tooltip\" data-jet-tricks-settings=\"{&quot;tooltip&quot;:&quot;true&quot;,&quot;tooltipDescription&quot;:&quot;&lt;p&gt;Lorem Ipsum&lt;\\\/p&gt;&quot;,&quot;tooltipPlacement&quot;:&quot;top&quot;,&quot;tooltipArrow&quot;:true,&quot;xOffset&quot;:0,&quot;yOffset&quot;:0,&quot;tooltipAnimation&quot;:&quot;fade&quot;,&quot;tooltipTrigger&quot;:&quot;mouseenter&quot;,&quot;zIndex&quot;:999,&quot;appendTo&quot;:&quot;widget&quot;,&quot;customSelector&quot;:&quot;&quot;,&quot;delay&quot;:{&quot;unit&quot;:&quot;px&quot;,&quot;size&quot;:0,&quot;sizes&quot;:[]},&quot;followCursor&quot;:&quot;false&quot;}\" data-id=\"bbe1754\" data-element_type=\"widget\" data-e-type=\"widget\" data-widget_type=\"html.default\">\n\t\t\t\t<div class=\"elementor-widget-container\">\n\t\t\t\t\t<div id=\"jet-tricks-tooltip-content-bbe1754\" class=\"jet-tooltip-widget__content\"><p>Lorem Ipsum<\/p><\/div><script>\/\/ document.addEventListener(\"DOMContentLoaded\", function() {\n\/\/     const label = document.querySelector('label[for=\"form-field-referentienummer\"]');\n\/\/     if (label) {\n\/\/         label.innerHTML = 'Referentienummer <span class=\"ref-tooltip\"><\/span>';\n\/\/     }\n\/\/ });\n<\/script>\t\t\t\t<\/div>\n\t\t\t\t<\/div>\n\t\t\t\t<\/div>\n\t\t\t\t<\/div>\n\t\t\t\t\t<\/div>\n\t\t\t\t<\/div>\n\t\t\t\t<\/div>\n\t\t","protected":false},"excerpt":{"rendered":"<p>3D VSP Zugang zu Ihren pers\u00f6nlichen Daten In wenigen Schritten k\u00f6nnen Sie auf Ihre pers\u00f6nlichen Dateien in unserer sicheren Umgebung zugreifen. Geben Sie Ihre Daten ein und wir werden ein Konto erstellen. Lorem Ipsum Lorem Ipsum Wo kann ich meine Referenznummer finden? 3D VSP Bewerbung erfolgreich! Wir werden Ihr Konto so schnell wie m\u00f6glich einrichten. [&hellip;]<\/p>\n","protected":false},"author":1,"featured_media":0,"parent":0,"menu_order":0,"comment_status":"closed","ping_status":"closed","template":"","meta":{"footnotes":""},"class_list":["post-4446","page","type-page","status-publish","hentry"],"yoast_head":"<!-- This site is optimized with the Yoast SEO plugin v27.3 - https:\/\/yoast.com\/product\/yoast-seo-wordpress\/ -->\n<title>yourdata - 3D VSP<\/title>\n<meta name=\"robots\" content=\"index, follow, max-snippet:-1, max-image-preview:large, max-video-preview:-1\" \/>\n<link rel=\"canonical\" href=\"https:\/\/3dvsp.com\/de\/yourdata\/\" \/>\n<meta property=\"og:locale\" content=\"de_DE\" \/>\n<meta property=\"og:type\" content=\"article\" \/>\n<meta property=\"og:title\" content=\"yourdata - 3D VSP\" \/>\n<meta property=\"og:description\" content=\"3D VSP Zugang zu Ihren pers\u00f6nlichen Daten In wenigen Schritten k\u00f6nnen Sie auf Ihre pers\u00f6nlichen Dateien in unserer sicheren Umgebung zugreifen. Geben Sie Ihre Daten ein und wir werden ein Konto erstellen. Lorem Ipsum Lorem Ipsum Wo kann ich meine Referenznummer finden? 3D VSP Bewerbung erfolgreich! Wir werden Ihr Konto so schnell wie m\u00f6glich einrichten. [&hellip;]\" \/>\n<meta property=\"og:url\" content=\"https:\/\/3dvsp.com\/de\/yourdata\/\" \/>\n<meta property=\"og:site_name\" content=\"3D VSP\" \/>\n<meta property=\"article:modified_time\" content=\"2025-01-16T12:48:17+00:00\" \/>\n<meta name=\"twitter:card\" content=\"summary_large_image\" \/>\n<script type=\"application\/ld+json\" class=\"yoast-schema-graph\">{\"@context\":\"https:\\\/\\\/schema.org\",\"@graph\":[{\"@type\":\"WebPage\",\"@id\":\"https:\\\/\\\/3dvsp.com\\\/de\\\/yourdata\\\/\",\"url\":\"https:\\\/\\\/3dvsp.com\\\/de\\\/yourdata\\\/\",\"name\":\"yourdata - 3D VSP\",\"isPartOf\":{\"@id\":\"https:\\\/\\\/3dvsp.com\\\/#website\"},\"datePublished\":\"2025-01-16T08:28:59+00:00\",\"dateModified\":\"2025-01-16T12:48:17+00:00\",\"breadcrumb\":{\"@id\":\"https:\\\/\\\/3dvsp.com\\\/de\\\/yourdata\\\/#breadcrumb\"},\"inLanguage\":\"de\",\"potentialAction\":[{\"@type\":\"ReadAction\",\"target\":[\"https:\\\/\\\/3dvsp.com\\\/de\\\/yourdata\\\/\"]}]},{\"@type\":\"BreadcrumbList\",\"@id\":\"https:\\\/\\\/3dvsp.com\\\/de\\\/yourdata\\\/#breadcrumb\",\"itemListElement\":[{\"@type\":\"ListItem\",\"position\":1,\"name\":\"Home\",\"item\":\"https:\\\/\\\/3dvsp.com\\\/de\\\/homepage\\\/\"},{\"@type\":\"ListItem\",\"position\":2,\"name\":\"yourdata\"}]},{\"@type\":\"WebSite\",\"@id\":\"https:\\\/\\\/3dvsp.com\\\/#website\",\"url\":\"https:\\\/\\\/3dvsp.com\\\/\",\"name\":\"3D VSP\",\"description\":\"Connecting expertise\",\"publisher\":{\"@id\":\"https:\\\/\\\/3dvsp.com\\\/#organization\"},\"alternateName\":\"3D Virtual Surgical Planning\",\"potentialAction\":[{\"@type\":\"SearchAction\",\"target\":{\"@type\":\"EntryPoint\",\"urlTemplate\":\"https:\\\/\\\/3dvsp.com\\\/?s={search_term_string}\"},\"query-input\":{\"@type\":\"PropertyValueSpecification\",\"valueRequired\":true,\"valueName\":\"search_term_string\"}}],\"inLanguage\":\"de\"},{\"@type\":\"Organization\",\"@id\":\"https:\\\/\\\/3dvsp.com\\\/#organization\",\"name\":\"3D VSP\",\"alternateName\":\"3D Virtual Surgical Planning\",\"url\":\"https:\\\/\\\/3dvsp.com\\\/\",\"logo\":{\"@type\":\"ImageObject\",\"inLanguage\":\"de\",\"@id\":\"https:\\\/\\\/3dvsp.com\\\/#\\\/schema\\\/logo\\\/image\\\/\",\"url\":\"https:\\\/\\\/3dvsp.com\\\/wp-content\\\/uploads\\\/2021\\\/04\\\/3D_VSP-logo.svg\",\"contentUrl\":\"https:\\\/\\\/3dvsp.com\\\/wp-content\\\/uploads\\\/2021\\\/04\\\/3D_VSP-logo.svg\",\"width\":915,\"height\":391,\"caption\":\"3D VSP\"},\"image\":{\"@id\":\"https:\\\/\\\/3dvsp.com\\\/#\\\/schema\\\/logo\\\/image\\\/\"}}]}<\/script>\n<!-- \/ Yoast SEO plugin. -->","yoast_head_json":{"title":"yourdata - 3D VSP","robots":{"index":"index","follow":"follow","max-snippet":"max-snippet:-1","max-image-preview":"max-image-preview:large","max-video-preview":"max-video-preview:-1"},"canonical":"https:\/\/3dvsp.com\/de\/yourdata\/","og_locale":"de_DE","og_type":"article","og_title":"yourdata - 3D VSP","og_description":"3D VSP Zugang zu Ihren pers\u00f6nlichen Daten In wenigen Schritten k\u00f6nnen Sie auf Ihre pers\u00f6nlichen Dateien in unserer sicheren Umgebung zugreifen. Geben Sie Ihre Daten ein und wir werden ein Konto erstellen. Lorem Ipsum Lorem Ipsum Wo kann ich meine Referenznummer finden? 3D VSP Bewerbung erfolgreich! Wir werden Ihr Konto so schnell wie m\u00f6glich einrichten. [&hellip;]","og_url":"https:\/\/3dvsp.com\/de\/yourdata\/","og_site_name":"3D VSP","article_modified_time":"2025-01-16T12:48:17+00:00","twitter_card":"summary_large_image","schema":{"@context":"https:\/\/schema.org","@graph":[{"@type":"WebPage","@id":"https:\/\/3dvsp.com\/de\/yourdata\/","url":"https:\/\/3dvsp.com\/de\/yourdata\/","name":"yourdata - 3D VSP","isPartOf":{"@id":"https:\/\/3dvsp.com\/#website"},"datePublished":"2025-01-16T08:28:59+00:00","dateModified":"2025-01-16T12:48:17+00:00","breadcrumb":{"@id":"https:\/\/3dvsp.com\/de\/yourdata\/#breadcrumb"},"inLanguage":"de","potentialAction":[{"@type":"ReadAction","target":["https:\/\/3dvsp.com\/de\/yourdata\/"]}]},{"@type":"BreadcrumbList","@id":"https:\/\/3dvsp.com\/de\/yourdata\/#breadcrumb","itemListElement":[{"@type":"ListItem","position":1,"name":"Home","item":"https:\/\/3dvsp.com\/de\/homepage\/"},{"@type":"ListItem","position":2,"name":"yourdata"}]},{"@type":"WebSite","@id":"https:\/\/3dvsp.com\/#website","url":"https:\/\/3dvsp.com\/","name":"3D VSP","description":"Connecting expertise","publisher":{"@id":"https:\/\/3dvsp.com\/#organization"},"alternateName":"3D Virtual Surgical Planning","potentialAction":[{"@type":"SearchAction","target":{"@type":"EntryPoint","urlTemplate":"https:\/\/3dvsp.com\/?s={search_term_string}"},"query-input":{"@type":"PropertyValueSpecification","valueRequired":true,"valueName":"search_term_string"}}],"inLanguage":"de"},{"@type":"Organization","@id":"https:\/\/3dvsp.com\/#organization","name":"3D VSP","alternateName":"3D Virtual Surgical Planning","url":"https:\/\/3dvsp.com\/","logo":{"@type":"ImageObject","inLanguage":"de","@id":"https:\/\/3dvsp.com\/#\/schema\/logo\/image\/","url":"https:\/\/3dvsp.com\/wp-content\/uploads\/2021\/04\/3D_VSP-logo.svg","contentUrl":"https:\/\/3dvsp.com\/wp-content\/uploads\/2021\/04\/3D_VSP-logo.svg","width":915,"height":391,"caption":"3D VSP"},"image":{"@id":"https:\/\/3dvsp.com\/#\/schema\/logo\/image\/"}}]}},"_links":{"self":[{"href":"https:\/\/3dvsp.com\/de\/wp-json\/wp\/v2\/pages\/4446","targetHints":{"allow":["GET"]}}],"collection":[{"href":"https:\/\/3dvsp.com\/de\/wp-json\/wp\/v2\/pages"}],"about":[{"href":"https:\/\/3dvsp.com\/de\/wp-json\/wp\/v2\/types\/page"}],"author":[{"embeddable":true,"href":"https:\/\/3dvsp.com\/de\/wp-json\/wp\/v2\/users\/1"}],"replies":[{"embeddable":true,"href":"https:\/\/3dvsp.com\/de\/wp-json\/wp\/v2\/comments?post=4446"}],"version-history":[{"count":2,"href":"https:\/\/3dvsp.com\/de\/wp-json\/wp\/v2\/pages\/4446\/revisions"}],"predecessor-version":[{"id":4476,"href":"https:\/\/3dvsp.com\/de\/wp-json\/wp\/v2\/pages\/4446\/revisions\/4476"}],"wp:attachment":[{"href":"https:\/\/3dvsp.com\/de\/wp-json\/wp\/v2\/media?parent=4446"}],"curies":[{"name":"wp","href":"https:\/\/api.w.org\/{rel}","templated":true}]}}