{"id":4148,"date":"2023-04-17T08:17:30","date_gmt":"2023-04-17T08:17:30","guid":{"rendered":"https:\/\/3dvsp.com\/faq\/"},"modified":"2024-10-15T10:21:22","modified_gmt":"2024-10-15T10:21:22","slug":"faq","status":"publish","type":"page","link":"https:\/\/3dvsp.com\/de\/faq\/","title":{"rendered":"FAQ"},"content":{"rendered":"\t\t<div data-elementor-type=\"wp-page\" data-elementor-id=\"4148\" class=\"elementor elementor-4148 elementor-2201\" data-elementor-post-type=\"page\">\n\t\t\t\t<div class=\"elementor-element elementor-element-4dd3893 e-flex e-con-boxed e-con e-parent\" data-id=\"4dd3893\" data-element_type=\"container\" data-e-type=\"container\">\n\t\t\t\t\t<div class=\"e-con-inner\">\n\t\t\t\t<div class=\"elementor-element elementor-element-ab71b64 elementor-widget elementor-widget-heading\" data-id=\"ab71b64\" data-element_type=\"widget\" data-e-type=\"widget\" data-widget_type=\"heading.default\">\n\t\t\t\t<div class=\"elementor-widget-container\">\n\t\t\t\t\t<span class=\"elementor-heading-title elementor-size-default\">FAQ<\/span>\t\t\t\t<\/div>\n\t\t\t\t<\/div>\n\t\t\t\t<div class=\"elementor-element elementor-element-9bde64f elementor-widget elementor-widget-heading\" data-id=\"9bde64f\" data-element_type=\"widget\" data-e-type=\"widget\" data-widget_type=\"heading.default\">\n\t\t\t\t<div class=\"elementor-widget-container\">\n\t\t\t\t\t<h2 class=\"elementor-heading-title elementor-size-default\">Die am h\u00e4ufigsten gestellten Fragen zu 3D VSP<\/h2>\t\t\t\t<\/div>\n\t\t\t\t<\/div>\n\t\t\t\t<div class=\"elementor-element elementor-element-d3e649c elementor-widget elementor-widget-text-editor\" data-id=\"d3e649c\" data-element_type=\"widget\" data-e-type=\"widget\" data-widget_type=\"text-editor.default\">\n\t\t\t\t<div class=\"elementor-widget-container\">\n\t\t\t\t\t\t\t\t\t<p>Als Arzt ist es wichtig, stets nach neuen Technologien und Innovationen zu suchen, um Ihren Patienten die bestm\u00f6gliche Versorgung zu bieten. Eine relativ neue und bahnbrechende Technologie, die in den letzten Jahren zunehmend an Aufmerksamkeit gewonnen hat, ist die 3D-virtuelle chirurgische Planung (VSP). <\/p>\n\t\t\t\t\t\t\t\t<\/div>\n\t\t\t\t<\/div>\n\t\t<div class=\"elementor-element elementor-element-33c02ef e-con-full e-flex e-con e-child\" data-id=\"33c02ef\" data-element_type=\"container\" data-e-type=\"container\">\n\t\t\t\t<div class=\"elementor-element elementor-element-3de53db elementor-widget elementor-widget-toggle\" data-id=\"3de53db\" data-element_type=\"widget\" data-e-type=\"widget\" data-widget_type=\"toggle.default\">\n\t\t\t\t<div class=\"elementor-widget-container\">\n\t\t\t\t\t\t\t<div class=\"elementor-toggle\">\n\t\t\t\t\t\t\t<div class=\"elementor-toggle-item\">\n\t\t\t\t\t<div id=\"elementor-tab-title-6491\" class=\"elementor-tab-title\" data-tab=\"1\" role=\"button\" aria-controls=\"elementor-tab-content-6491\" aria-expanded=\"false\">\n\t\t\t\t\t\t\t\t\t\t\t\t<span class=\"elementor-toggle-icon elementor-toggle-icon-right\" aria-hidden=\"true\">\n\t\t\t\t\t\t\t\t\t\t\t\t\t\t\t<span class=\"elementor-toggle-icon-closed\"><svg class=\"e-font-icon-svg e-fas-caret-right\" viewBox=\"0 0 192 512\" xmlns=\"http:\/\/www.w3.org\/2000\/svg\"><path d=\"M0 384.662V127.338c0-17.818 21.543-26.741 34.142-14.142l128.662 128.662c7.81 7.81 7.81 20.474 0 28.284L34.142 398.804C21.543 411.404 0 402.48 0 384.662z\"><\/path><\/svg><\/span>\n\t\t\t\t\t\t\t\t<span class=\"elementor-toggle-icon-opened\"><svg class=\"elementor-toggle-icon-opened e-font-icon-svg e-fas-caret-up\" viewBox=\"0 0 320 512\" xmlns=\"http:\/\/www.w3.org\/2000\/svg\"><path d=\"M288.662 352H31.338c-17.818 0-26.741-21.543-14.142-34.142l128.662-128.662c7.81-7.81 20.474-7.81 28.284 0l128.662 128.662c12.6 12.599 3.676 34.142-14.142 34.142z\"><\/path><\/svg><\/span>\n\t\t\t\t\t\t\t\t\t\t\t\t\t<\/span>\n\t\t\t\t\t\t\t\t\t\t\t\t<a class=\"elementor-toggle-title\" tabindex=\"0\">Was ist 3D Virtual Surgical Planning?<\/a>\n\t\t\t\t\t<\/div>\n\n\t\t\t\t\t<div id=\"elementor-tab-content-6491\" class=\"elementor-tab-content elementor-clearfix\" data-tab=\"1\" role=\"region\" aria-labelledby=\"elementor-tab-title-6491\"><p>3D Virtual Surgical Planning (VSP) ist eine Technologie, mit der \u00c4rzte dreidimensionale Modelle der Anatomie eines Patienten erstellen k\u00f6nnen, die f\u00fcr die pr\u00e4operative Planung und Simulation von Operationen verwendet werden. Dies hilft, intraoperative Komplikationen zu verringern und kann zu besseren chirurgischen Ergebnissen f\u00fchren.  <\/p>\n<\/div>\n\t\t\t\t<\/div>\n\t\t\t\t\t\t\t<div class=\"elementor-toggle-item\">\n\t\t\t\t\t<div id=\"elementor-tab-title-6492\" class=\"elementor-tab-title\" data-tab=\"2\" role=\"button\" aria-controls=\"elementor-tab-content-6492\" aria-expanded=\"false\">\n\t\t\t\t\t\t\t\t\t\t\t\t<span class=\"elementor-toggle-icon elementor-toggle-icon-right\" aria-hidden=\"true\">\n\t\t\t\t\t\t\t\t\t\t\t\t\t\t\t<span class=\"elementor-toggle-icon-closed\"><svg class=\"e-font-icon-svg e-fas-caret-right\" viewBox=\"0 0 192 512\" xmlns=\"http:\/\/www.w3.org\/2000\/svg\"><path d=\"M0 384.662V127.338c0-17.818 21.543-26.741 34.142-14.142l128.662 128.662c7.81 7.81 7.81 20.474 0 28.284L34.142 398.804C21.543 411.404 0 402.48 0 384.662z\"><\/path><\/svg><\/span>\n\t\t\t\t\t\t\t\t<span class=\"elementor-toggle-icon-opened\"><svg class=\"elementor-toggle-icon-opened e-font-icon-svg e-fas-caret-up\" viewBox=\"0 0 320 512\" xmlns=\"http:\/\/www.w3.org\/2000\/svg\"><path d=\"M288.662 352H31.338c-17.818 0-26.741-21.543-14.142-34.142l128.662-128.662c7.81-7.81 20.474-7.81 28.284 0l128.662 128.662c12.6 12.599 3.676 34.142-14.142 34.142z\"><\/path><\/svg><\/span>\n\t\t\t\t\t\t\t\t\t\t\t\t\t<\/span>\n\t\t\t\t\t\t\t\t\t\t\t\t<a class=\"elementor-toggle-title\" tabindex=\"0\">Wie kann 3D VSP in meine Praxis integriert werden? <\/a>\n\t\t\t\t\t<\/div>\n\n\t\t\t\t\t<div id=\"elementor-tab-content-6492\" class=\"elementor-tab-content elementor-clearfix\" data-tab=\"2\" role=\"region\" aria-labelledby=\"elementor-tab-title-6492\"><p>Um sicherzustellen, dass jeder Arzt 3D VSP in seiner t\u00e4glichen Praxis zur Verf\u00fcgung hat, suchen wir nach einer individuellen L\u00f6sung. Alle unsere Systeme sind so eingerichtet, dass der Datenaustausch und die gesamte Kommunikation sicher und aus der Ferne erfolgen k\u00f6nnen. Gerne kommen wir vorbei, um gemeinsam zu pr\u00fcfen, was bereits vorhanden ist und was f\u00fcr die richtige Bildgebung, den Datenaustausch und die Informationssicherheit ben\u00f6tigt wird.  <\/p>\n<\/div>\n\t\t\t\t<\/div>\n\t\t\t\t\t\t\t<div class=\"elementor-toggle-item\">\n\t\t\t\t\t<div id=\"elementor-tab-title-6493\" class=\"elementor-tab-title\" data-tab=\"3\" role=\"button\" aria-controls=\"elementor-tab-content-6493\" aria-expanded=\"false\">\n\t\t\t\t\t\t\t\t\t\t\t\t<span class=\"elementor-toggle-icon elementor-toggle-icon-right\" aria-hidden=\"true\">\n\t\t\t\t\t\t\t\t\t\t\t\t\t\t\t<span class=\"elementor-toggle-icon-closed\"><svg class=\"e-font-icon-svg e-fas-caret-right\" viewBox=\"0 0 192 512\" xmlns=\"http:\/\/www.w3.org\/2000\/svg\"><path d=\"M0 384.662V127.338c0-17.818 21.543-26.741 34.142-14.142l128.662 128.662c7.81 7.81 7.81 20.474 0 28.284L34.142 398.804C21.543 411.404 0 402.48 0 384.662z\"><\/path><\/svg><\/span>\n\t\t\t\t\t\t\t\t<span class=\"elementor-toggle-icon-opened\"><svg class=\"elementor-toggle-icon-opened e-font-icon-svg e-fas-caret-up\" viewBox=\"0 0 320 512\" xmlns=\"http:\/\/www.w3.org\/2000\/svg\"><path d=\"M288.662 352H31.338c-17.818 0-26.741-21.543-14.142-34.142l128.662-128.662c7.81-7.81 20.474-7.81 28.284 0l128.662 128.662c12.6 12.599 3.676 34.142-14.142 34.142z\"><\/path><\/svg><\/span>\n\t\t\t\t\t\t\t\t\t\t\t\t\t<\/span>\n\t\t\t\t\t\t\t\t\t\t\t\t<a class=\"elementor-toggle-title\" tabindex=\"0\">Wie funktioniert der 3D VSP-Prozess?<\/a>\n\t\t\t\t\t<\/div>\n\n\t\t\t\t\t<div id=\"elementor-tab-content-6493\" class=\"elementor-tab-content elementor-clearfix\" data-tab=\"3\" role=\"region\" aria-labelledby=\"elementor-tab-title-6493\"><p>Das 3D VSP beginnt mit der Erstellung der richtigen Bildgebung in Absprache. Anschlie\u00dfend k\u00f6nnen diese Bilder \u00fcber unsere sichere Plattform mit uns geteilt werden. Nachdem wir die Daten erhalten haben, beginnen wir sofort mit der Erstellung des virtuellen Plans. Das 3D VSP wird dann im Rahmen einer (digitalen) Besprechung gemeinsam ausgearbeitet. Nach dieser Besprechung senden wir einen umfassenden Plan sowie gegebenenfalls chirurgische Schienen und anatomische Modelle an die gew\u00fcnschte Adresse.    <\/p>\n<\/div>\n\t\t\t\t<\/div>\n\t\t\t\t\t\t\t\t\t\t<script type=\"application\/ld+json\">{\"@context\":\"https:\\\/\\\/schema.org\",\"@type\":\"FAQPage\",\"mainEntity\":[{\"@type\":\"Question\",\"name\":\"Was ist 3D Virtual Surgical Planning?\",\"acceptedAnswer\":{\"@type\":\"Answer\",\"text\":\"<p>3D Virtual Surgical Planning (VSP) ist eine Technologie, mit der \\u00c4rzte dreidimensionale Modelle der Anatomie eines Patienten erstellen k\\u00f6nnen, die f\\u00fcr die pr\\u00e4operative Planung und Simulation von Operationen verwendet werden. Dies hilft, intraoperative Komplikationen zu verringern und kann zu besseren chirurgischen Ergebnissen f\\u00fchren.  <\\\/p>\\n\"}},{\"@type\":\"Question\",\"name\":\"Wie kann 3D VSP in meine Praxis integriert werden?\",\"acceptedAnswer\":{\"@type\":\"Answer\",\"text\":\"<p>Um sicherzustellen, dass jeder Arzt 3D VSP in seiner t\\u00e4glichen Praxis zur Verf\\u00fcgung hat, suchen wir nach einer individuellen L\\u00f6sung. Alle unsere Systeme sind so eingerichtet, dass der Datenaustausch und die gesamte Kommunikation sicher und aus der Ferne erfolgen k\\u00f6nnen. Gerne kommen wir vorbei, um gemeinsam zu pr\\u00fcfen, was bereits vorhanden ist und was f\\u00fcr die richtige Bildgebung, den Datenaustausch und die Informationssicherheit ben\\u00f6tigt wird.  <\\\/p>\\n\"}},{\"@type\":\"Question\",\"name\":\"Wie funktioniert der 3D VSP-Prozess?\",\"acceptedAnswer\":{\"@type\":\"Answer\",\"text\":\"<p>Das 3D VSP beginnt mit der Erstellung der richtigen Bildgebung in Absprache. Anschlie\\u00dfend k\\u00f6nnen diese Bilder \\u00fcber unsere sichere Plattform mit uns geteilt werden. Nachdem wir die Daten erhalten haben, beginnen wir sofort mit der Erstellung des virtuellen Plans. Das 3D VSP wird dann im Rahmen einer (digitalen) Besprechung gemeinsam ausgearbeitet. Nach dieser Besprechung senden wir einen umfassenden Plan sowie gegebenenfalls chirurgische Schienen und anatomische Modelle an die gew\\u00fcnschte Adresse.    <\\\/p>\\n\"}}]}<\/script>\n\t\t\t\t\t<\/div>\n\t\t\t\t\t\t<\/div>\n\t\t\t\t<\/div>\n\t\t\t\t<div class=\"elementor-element elementor-element-76cc2af elementor-widget elementor-widget-toggle\" data-id=\"76cc2af\" data-element_type=\"widget\" data-e-type=\"widget\" data-widget_type=\"toggle.default\">\n\t\t\t\t<div class=\"elementor-widget-container\">\n\t\t\t\t\t\t\t<div class=\"elementor-toggle\">\n\t\t\t\t\t\t\t<div class=\"elementor-toggle-item\">\n\t\t\t\t\t<div id=\"elementor-tab-title-1241\" class=\"elementor-tab-title\" data-tab=\"1\" role=\"button\" aria-controls=\"elementor-tab-content-1241\" aria-expanded=\"false\">\n\t\t\t\t\t\t\t\t\t\t\t\t<span class=\"elementor-toggle-icon elementor-toggle-icon-right\" aria-hidden=\"true\">\n\t\t\t\t\t\t\t\t\t\t\t\t\t\t\t<span class=\"elementor-toggle-icon-closed\"><svg class=\"e-font-icon-svg e-fas-caret-right\" viewBox=\"0 0 192 512\" xmlns=\"http:\/\/www.w3.org\/2000\/svg\"><path d=\"M0 384.662V127.338c0-17.818 21.543-26.741 34.142-14.142l128.662 128.662c7.81 7.81 7.81 20.474 0 28.284L34.142 398.804C21.543 411.404 0 402.48 0 384.662z\"><\/path><\/svg><\/span>\n\t\t\t\t\t\t\t\t<span class=\"elementor-toggle-icon-opened\"><svg class=\"elementor-toggle-icon-opened e-font-icon-svg e-fas-caret-up\" viewBox=\"0 0 320 512\" xmlns=\"http:\/\/www.w3.org\/2000\/svg\"><path d=\"M288.662 352H31.338c-17.818 0-26.741-21.543-14.142-34.142l128.662-128.662c7.81-7.81 20.474-7.81 28.284 0l128.662 128.662c12.6 12.599 3.676 34.142-14.142 34.142z\"><\/path><\/svg><\/span>\n\t\t\t\t\t\t\t\t\t\t\t\t\t<\/span>\n\t\t\t\t\t\t\t\t\t\t\t\t<a class=\"elementor-toggle-title\" tabindex=\"0\">Welche Arten von Operationen sind f\u00fcr 3D VSP geeignet?<\/a>\n\t\t\t\t\t<\/div>\n\n\t\t\t\t\t<div id=\"elementor-tab-content-1241\" class=\"elementor-tab-content elementor-clearfix\" data-tab=\"1\" role=\"region\" aria-labelledby=\"elementor-tab-title-1241\"><p>3D VSP ist eine relativ neue Technologie und wird derzeit noch nicht in allen medizinischen Fachgebieten angewendet. H\u00e4ufige Anwendungsbereiche sind die MKG-Chirurgie, Orthop\u00e4die und HNO. Dennoch m\u00f6chten wir bei jeder Anfrage mitdenken und pr\u00fcfen, wie 3D VSP einen Mehrwert bieten kann.  <\/p>\n<\/div>\n\t\t\t\t<\/div>\n\t\t\t\t\t\t\t<div class=\"elementor-toggle-item\">\n\t\t\t\t\t<div id=\"elementor-tab-title-1242\" class=\"elementor-tab-title\" data-tab=\"2\" role=\"button\" aria-controls=\"elementor-tab-content-1242\" aria-expanded=\"false\">\n\t\t\t\t\t\t\t\t\t\t\t\t<span class=\"elementor-toggle-icon elementor-toggle-icon-right\" aria-hidden=\"true\">\n\t\t\t\t\t\t\t\t\t\t\t\t\t\t\t<span class=\"elementor-toggle-icon-closed\"><svg class=\"e-font-icon-svg e-fas-caret-right\" viewBox=\"0 0 192 512\" xmlns=\"http:\/\/www.w3.org\/2000\/svg\"><path d=\"M0 384.662V127.338c0-17.818 21.543-26.741 34.142-14.142l128.662 128.662c7.81 7.81 7.81 20.474 0 28.284L34.142 398.804C21.543 411.404 0 402.48 0 384.662z\"><\/path><\/svg><\/span>\n\t\t\t\t\t\t\t\t<span class=\"elementor-toggle-icon-opened\"><svg class=\"elementor-toggle-icon-opened e-font-icon-svg e-fas-caret-up\" viewBox=\"0 0 320 512\" xmlns=\"http:\/\/www.w3.org\/2000\/svg\"><path d=\"M288.662 352H31.338c-17.818 0-26.741-21.543-14.142-34.142l128.662-128.662c7.81-7.81 20.474-7.81 28.284 0l128.662 128.662c12.6 12.599 3.676 34.142-14.142 34.142z\"><\/path><\/svg><\/span>\n\t\t\t\t\t\t\t\t\t\t\t\t\t<\/span>\n\t\t\t\t\t\t\t\t\t\t\t\t<a class=\"elementor-toggle-title\" tabindex=\"0\">Wie hilft 3D VSP, intraoperative Komplikationen zu minimieren?<\/a>\n\t\t\t\t\t<\/div>\n\n\t\t\t\t\t<div id=\"elementor-tab-content-1242\" class=\"elementor-tab-content elementor-clearfix\" data-tab=\"2\" role=\"region\" aria-labelledby=\"elementor-tab-title-1242\"><p>Durch die Vorbereitung und Visualisierung des medizinischen Eingriffs geht ein Arzt mit einer fundierten Planung in die Operation. Das Einzeichnen anatomischer Strukturen, wie die Lage der Nerven im Unterkiefer, stellt sicher, dass der Operateur gut auf das vorbereitet ist, was er w\u00e4hrend der Operation vorfinden wird. <\/p>\n<\/div>\n\t\t\t\t<\/div>\n\t\t\t\t\t\t\t\t\t\t<script type=\"application\/ld+json\">{\"@context\":\"https:\\\/\\\/schema.org\",\"@type\":\"FAQPage\",\"mainEntity\":[{\"@type\":\"Question\",\"name\":\"Welche Arten von Operationen sind f\\u00fcr 3D VSP geeignet?\",\"acceptedAnswer\":{\"@type\":\"Answer\",\"text\":\"<p>3D VSP ist eine relativ neue Technologie und wird derzeit noch nicht in allen medizinischen Fachgebieten angewendet. H\\u00e4ufige Anwendungsbereiche sind die MKG-Chirurgie, Orthop\\u00e4die und HNO. Dennoch m\\u00f6chten wir bei jeder Anfrage mitdenken und pr\\u00fcfen, wie 3D VSP einen Mehrwert bieten kann.  <\\\/p>\\n\"}},{\"@type\":\"Question\",\"name\":\"Wie hilft 3D VSP, intraoperative Komplikationen zu minimieren?\",\"acceptedAnswer\":{\"@type\":\"Answer\",\"text\":\"<p>Durch die Vorbereitung und Visualisierung des medizinischen Eingriffs geht ein Arzt mit einer fundierten Planung in die Operation. Das Einzeichnen anatomischer Strukturen, wie die Lage der Nerven im Unterkiefer, stellt sicher, dass der Operateur gut auf das vorbereitet ist, was er w\\u00e4hrend der Operation vorfinden wird. <\\\/p>\\n\"}}]}<\/script>\n\t\t\t\t\t<\/div>\n\t\t\t\t\t\t<\/div>\n\t\t\t\t<\/div>\n\t\t\t\t<\/div>\n\t\t\t\t\t<\/div>\n\t\t\t\t<\/div>\n\t\t<div class=\"elementor-element elementor-element-60b7082 e-flex e-con-boxed e-con e-parent\" data-id=\"60b7082\" data-element_type=\"container\" data-e-type=\"container\">\n\t\t\t\t\t<div class=\"e-con-inner\">\n\t\t<div class=\"elementor-element elementor-element-85d2bbf e-con-full e-flex e-con e-child\" data-id=\"85d2bbf\" data-element_type=\"container\" data-e-type=\"container\" data-settings=\"{&quot;background_background&quot;:&quot;classic&quot;}\">\n\t\t<div class=\"elementor-element elementor-element-ace0e69 e-con-full e-flex e-con e-child\" data-id=\"ace0e69\" data-element_type=\"container\" data-e-type=\"container\">\n\t\t<div class=\"elementor-element elementor-element-9ea7376 e-con-full e-flex e-con e-child\" data-id=\"9ea7376\" data-element_type=\"container\" data-e-type=\"container\">\n\t\t\t\t<div class=\"elementor-element elementor-element-8775496 elementor-widget elementor-widget-heading\" data-id=\"8775496\" data-element_type=\"widget\" data-e-type=\"widget\" data-widget_type=\"heading.default\">\n\t\t\t\t<div class=\"elementor-widget-container\">\n\t\t\t\t\t<h3 class=\"elementor-heading-title elementor-size-default\">Ist deine Frage unbeantwortet geblieben?<\/h3>\t\t\t\t<\/div>\n\t\t\t\t<\/div>\n\t\t\t\t<div class=\"elementor-element elementor-element-c91657a elementor-widget elementor-widget-text-editor\" data-id=\"c91657a\" data-element_type=\"widget\" data-e-type=\"widget\" data-widget_type=\"text-editor.default\">\n\t\t\t\t<div class=\"elementor-widget-container\">\n\t\t\t\t\t\t\t\t\t<p>Hast du noch keine Antwort auf deine Frage erhalten? Dann kontaktiere uns und lass uns wissen, was deine Frage ist. <\/p>\n\t\t\t\t\t\t\t\t<\/div>\n\t\t\t\t<\/div>\n\t\t\t\t<\/div>\n\t\t\t\t<div class=\"elementor-element elementor-element-a9f365c elementor-widget elementor-widget-button\" data-id=\"a9f365c\" data-element_type=\"widget\" data-e-type=\"widget\" data-widget_type=\"button.default\">\n\t\t\t\t<div class=\"elementor-widget-container\">\n\t\t\t\t\t\t\t\t\t<div class=\"elementor-button-wrapper\">\n\t\t\t\t\t<a class=\"elementor-button elementor-button-link elementor-size-sm\" href=\"https:\/\/3dvsp.com\/de\/kontakt\/\">\n\t\t\t\t\t\t<span class=\"elementor-button-content-wrapper\">\n\t\t\t\t\t\t<span class=\"elementor-button-icon\">\n\t\t\t\t<svg xmlns=\"http:\/\/www.w3.org\/2000\/svg\" width=\"20\" height=\"14\" viewBox=\"0 0 20 14\" fill=\"none\"><path d=\"M14.1797 0.945312L19.8047 6.57031C19.9219 6.6875 20 6.84375 20 7C20 7.11719 19.9219 7.3125 19.8047 7.42969L14.1797 13.0547C13.9453 13.2891 13.5156 13.2891 13.2812 13.0547C13.0469 12.8203 13.0469 12.4297 13.2812 12.1562L17.8516 7.625H0.625C0.273438 7.625 0 7.3125 0 7C0 6.6875 0.273438 6.375 0.625 6.375H17.8516L13.2812 1.84375C13.0469 1.60938 13.0469 1.17969 13.2812 0.945312C13.5156 0.710938 13.9453 0.710938 14.1797 0.945312Z\" fill=\"white\"><\/path><\/svg>\t\t\t<\/span>\n\t\t\t\t\t\t\t\t\t<span class=\"elementor-button-text\">Kontakt<\/span>\n\t\t\t\t\t<\/span>\n\t\t\t\t\t<\/a>\n\t\t\t\t<\/div>\n\t\t\t\t\t\t\t\t<\/div>\n\t\t\t\t<\/div>\n\t\t\t\t<\/div>\n\t\t\t\t<\/div>\n\t\t\t\t\t<\/div>\n\t\t\t\t<\/div>\n\t\t\t\t<\/div>\n\t\t","protected":false},"excerpt":{"rendered":"<p>FAQ Die am h\u00e4ufigsten gestellten Fragen zu 3D VSP Als Arzt ist es wichtig, stets nach neuen Technologien und Innovationen zu suchen, um Ihren Patienten die bestm\u00f6gliche Versorgung zu bieten. Eine relativ neue und bahnbrechende Technologie, die in den letzten Jahren zunehmend an Aufmerksamkeit gewonnen hat, ist die 3D-virtuelle chirurgische Planung (VSP). Was ist 3D [&hellip;]<\/p>\n","protected":false},"author":1,"featured_media":0,"parent":0,"menu_order":0,"comment_status":"closed","ping_status":"closed","template":"","meta":{"footnotes":""},"class_list":["post-4148","page","type-page","status-publish","hentry"],"yoast_head":"<!-- This site is optimized with the Yoast SEO plugin v27.3 - https:\/\/yoast.com\/product\/yoast-seo-wordpress\/ -->\n<title>FAQ - 3D VSP<\/title>\n<meta name=\"robots\" content=\"index, follow, max-snippet:-1, max-image-preview:large, max-video-preview:-1\" \/>\n<link rel=\"canonical\" href=\"https:\/\/3dvsp.com\/de\/faq\/\" \/>\n<meta property=\"og:locale\" content=\"de_DE\" \/>\n<meta property=\"og:type\" content=\"article\" \/>\n<meta property=\"og:title\" content=\"FAQ - 3D VSP\" \/>\n<meta property=\"og:description\" content=\"FAQ Die am h\u00e4ufigsten gestellten Fragen zu 3D VSP Als Arzt ist es wichtig, stets nach neuen Technologien und Innovationen zu suchen, um Ihren Patienten die bestm\u00f6gliche Versorgung zu bieten. Eine relativ neue und bahnbrechende Technologie, die in den letzten Jahren zunehmend an Aufmerksamkeit gewonnen hat, ist die 3D-virtuelle chirurgische Planung (VSP). Was ist 3D [&hellip;]\" \/>\n<meta property=\"og:url\" content=\"https:\/\/3dvsp.com\/de\/faq\/\" \/>\n<meta property=\"og:site_name\" content=\"3D VSP\" \/>\n<meta property=\"article:modified_time\" content=\"2024-10-15T10:21:22+00:00\" \/>\n<meta name=\"twitter:card\" content=\"summary_large_image\" \/>\n<meta name=\"twitter:label1\" content=\"Gesch\u00e4tzte Lesezeit\" \/>\n\t<meta name=\"twitter:data1\" content=\"2\u00a0Minuten\" \/>\n<script type=\"application\/ld+json\" class=\"yoast-schema-graph\">{\"@context\":\"https:\\\/\\\/schema.org\",\"@graph\":[{\"@type\":\"WebPage\",\"@id\":\"https:\\\/\\\/3dvsp.com\\\/de\\\/faq\\\/\",\"url\":\"https:\\\/\\\/3dvsp.com\\\/de\\\/faq\\\/\",\"name\":\"FAQ - 3D VSP\",\"isPartOf\":{\"@id\":\"https:\\\/\\\/3dvsp.com\\\/#website\"},\"datePublished\":\"2023-04-17T08:17:30+00:00\",\"dateModified\":\"2024-10-15T10:21:22+00:00\",\"breadcrumb\":{\"@id\":\"https:\\\/\\\/3dvsp.com\\\/de\\\/faq\\\/#breadcrumb\"},\"inLanguage\":\"de\",\"potentialAction\":[{\"@type\":\"ReadAction\",\"target\":[\"https:\\\/\\\/3dvsp.com\\\/de\\\/faq\\\/\"]}]},{\"@type\":\"BreadcrumbList\",\"@id\":\"https:\\\/\\\/3dvsp.com\\\/de\\\/faq\\\/#breadcrumb\",\"itemListElement\":[{\"@type\":\"ListItem\",\"position\":1,\"name\":\"Home\",\"item\":\"https:\\\/\\\/3dvsp.com\\\/de\\\/homepage\\\/\"},{\"@type\":\"ListItem\",\"position\":2,\"name\":\"FAQ\"}]},{\"@type\":\"WebSite\",\"@id\":\"https:\\\/\\\/3dvsp.com\\\/#website\",\"url\":\"https:\\\/\\\/3dvsp.com\\\/\",\"name\":\"3D VSP\",\"description\":\"Connecting expertise\",\"publisher\":{\"@id\":\"https:\\\/\\\/3dvsp.com\\\/#organization\"},\"alternateName\":\"3D Virtual Surgical Planning\",\"potentialAction\":[{\"@type\":\"SearchAction\",\"target\":{\"@type\":\"EntryPoint\",\"urlTemplate\":\"https:\\\/\\\/3dvsp.com\\\/?s={search_term_string}\"},\"query-input\":{\"@type\":\"PropertyValueSpecification\",\"valueRequired\":true,\"valueName\":\"search_term_string\"}}],\"inLanguage\":\"de\"},{\"@type\":\"Organization\",\"@id\":\"https:\\\/\\\/3dvsp.com\\\/#organization\",\"name\":\"3D VSP\",\"alternateName\":\"3D Virtual Surgical Planning\",\"url\":\"https:\\\/\\\/3dvsp.com\\\/\",\"logo\":{\"@type\":\"ImageObject\",\"inLanguage\":\"de\",\"@id\":\"https:\\\/\\\/3dvsp.com\\\/#\\\/schema\\\/logo\\\/image\\\/\",\"url\":\"https:\\\/\\\/3dvsp.com\\\/wp-content\\\/uploads\\\/2021\\\/04\\\/3D_VSP-logo.svg\",\"contentUrl\":\"https:\\\/\\\/3dvsp.com\\\/wp-content\\\/uploads\\\/2021\\\/04\\\/3D_VSP-logo.svg\",\"width\":915,\"height\":391,\"caption\":\"3D VSP\"},\"image\":{\"@id\":\"https:\\\/\\\/3dvsp.com\\\/#\\\/schema\\\/logo\\\/image\\\/\"}}]}<\/script>\n<!-- \/ Yoast SEO plugin. -->","yoast_head_json":{"title":"FAQ - 3D VSP","robots":{"index":"index","follow":"follow","max-snippet":"max-snippet:-1","max-image-preview":"max-image-preview:large","max-video-preview":"max-video-preview:-1"},"canonical":"https:\/\/3dvsp.com\/de\/faq\/","og_locale":"de_DE","og_type":"article","og_title":"FAQ - 3D VSP","og_description":"FAQ Die am h\u00e4ufigsten gestellten Fragen zu 3D VSP Als Arzt ist es wichtig, stets nach neuen Technologien und Innovationen zu suchen, um Ihren Patienten die bestm\u00f6gliche Versorgung zu bieten. Eine relativ neue und bahnbrechende Technologie, die in den letzten Jahren zunehmend an Aufmerksamkeit gewonnen hat, ist die 3D-virtuelle chirurgische Planung (VSP). Was ist 3D [&hellip;]","og_url":"https:\/\/3dvsp.com\/de\/faq\/","og_site_name":"3D VSP","article_modified_time":"2024-10-15T10:21:22+00:00","twitter_card":"summary_large_image","twitter_misc":{"Gesch\u00e4tzte Lesezeit":"2\u00a0Minuten"},"schema":{"@context":"https:\/\/schema.org","@graph":[{"@type":"WebPage","@id":"https:\/\/3dvsp.com\/de\/faq\/","url":"https:\/\/3dvsp.com\/de\/faq\/","name":"FAQ - 3D VSP","isPartOf":{"@id":"https:\/\/3dvsp.com\/#website"},"datePublished":"2023-04-17T08:17:30+00:00","dateModified":"2024-10-15T10:21:22+00:00","breadcrumb":{"@id":"https:\/\/3dvsp.com\/de\/faq\/#breadcrumb"},"inLanguage":"de","potentialAction":[{"@type":"ReadAction","target":["https:\/\/3dvsp.com\/de\/faq\/"]}]},{"@type":"BreadcrumbList","@id":"https:\/\/3dvsp.com\/de\/faq\/#breadcrumb","itemListElement":[{"@type":"ListItem","position":1,"name":"Home","item":"https:\/\/3dvsp.com\/de\/homepage\/"},{"@type":"ListItem","position":2,"name":"FAQ"}]},{"@type":"WebSite","@id":"https:\/\/3dvsp.com\/#website","url":"https:\/\/3dvsp.com\/","name":"3D VSP","description":"Connecting expertise","publisher":{"@id":"https:\/\/3dvsp.com\/#organization"},"alternateName":"3D Virtual Surgical Planning","potentialAction":[{"@type":"SearchAction","target":{"@type":"EntryPoint","urlTemplate":"https:\/\/3dvsp.com\/?s={search_term_string}"},"query-input":{"@type":"PropertyValueSpecification","valueRequired":true,"valueName":"search_term_string"}}],"inLanguage":"de"},{"@type":"Organization","@id":"https:\/\/3dvsp.com\/#organization","name":"3D VSP","alternateName":"3D Virtual Surgical Planning","url":"https:\/\/3dvsp.com\/","logo":{"@type":"ImageObject","inLanguage":"de","@id":"https:\/\/3dvsp.com\/#\/schema\/logo\/image\/","url":"https:\/\/3dvsp.com\/wp-content\/uploads\/2021\/04\/3D_VSP-logo.svg","contentUrl":"https:\/\/3dvsp.com\/wp-content\/uploads\/2021\/04\/3D_VSP-logo.svg","width":915,"height":391,"caption":"3D VSP"},"image":{"@id":"https:\/\/3dvsp.com\/#\/schema\/logo\/image\/"}}]}},"_links":{"self":[{"href":"https:\/\/3dvsp.com\/de\/wp-json\/wp\/v2\/pages\/4148","targetHints":{"allow":["GET"]}}],"collection":[{"href":"https:\/\/3dvsp.com\/de\/wp-json\/wp\/v2\/pages"}],"about":[{"href":"https:\/\/3dvsp.com\/de\/wp-json\/wp\/v2\/types\/page"}],"author":[{"embeddable":true,"href":"https:\/\/3dvsp.com\/de\/wp-json\/wp\/v2\/users\/1"}],"replies":[{"embeddable":true,"href":"https:\/\/3dvsp.com\/de\/wp-json\/wp\/v2\/comments?post=4148"}],"version-history":[{"count":1,"href":"https:\/\/3dvsp.com\/de\/wp-json\/wp\/v2\/pages\/4148\/revisions"}],"predecessor-version":[{"id":4149,"href":"https:\/\/3dvsp.com\/de\/wp-json\/wp\/v2\/pages\/4148\/revisions\/4149"}],"wp:attachment":[{"href":"https:\/\/3dvsp.com\/de\/wp-json\/wp\/v2\/media?parent=4148"}],"curies":[{"name":"wp","href":"https:\/\/api.w.org\/{rel}","templated":true}]}}