{"id":3762,"date":"2024-06-18T07:45:17","date_gmt":"2024-06-18T07:45:17","guid":{"rendered":"https:\/\/3dvsp.com\/medizinische-geraete\/"},"modified":"2024-11-05T08:29:43","modified_gmt":"2024-11-05T08:29:43","slug":"medizinische-geraete","status":"publish","type":"page","link":"https:\/\/3dvsp.com\/de\/medizinische-geraete\/","title":{"rendered":"Medizinische Ger\u00e4te"},"content":{"rendered":"\t\t<div data-elementor-type=\"wp-page\" data-elementor-id=\"3762\" class=\"elementor elementor-3762 elementor-3372\" data-elementor-post-type=\"page\">\n\t\t\t\t<div class=\"elementor-element elementor-element-b1b7a09 e-flex e-con-boxed e-con e-parent\" data-id=\"b1b7a09\" data-element_type=\"container\" data-e-type=\"container\">\n\t\t\t\t\t<div class=\"e-con-inner\">\n\t\t\t\t<div class=\"elementor-element elementor-element-5ed3844 elementor-widget elementor-widget-heading\" data-id=\"5ed3844\" data-element_type=\"widget\" data-e-type=\"widget\" data-widget_type=\"heading.default\">\n\t\t\t\t<div class=\"elementor-widget-container\">\n\t\t\t\t\t<span class=\"elementor-heading-title elementor-size-default\">Medizinische Ger\u00e4te<\/span>\t\t\t\t<\/div>\n\t\t\t\t<\/div>\n\t\t\t\t<div class=\"elementor-element elementor-element-2194e99 elementor-widget elementor-widget-heading\" data-id=\"2194e99\" data-element_type=\"widget\" data-e-type=\"widget\" data-widget_type=\"heading.default\">\n\t\t\t\t<div class=\"elementor-widget-container\">\n\t\t\t\t\t<h2 class=\"elementor-heading-title elementor-size-default\">3D VSP Medizinische Ger\u00e4te<\/h2>\t\t\t\t<\/div>\n\t\t\t\t<\/div>\n\t\t\t\t\t<\/div>\n\t\t\t\t<\/div>\n\t\t<div class=\"elementor-element elementor-element-1cdbd81 e-flex e-con-boxed e-con e-parent\" data-id=\"1cdbd81\" data-element_type=\"container\" data-e-type=\"container\">\n\t\t\t\t\t<div class=\"e-con-inner\">\n\t\t<div class=\"elementor-element elementor-element-4b52cfe e-con-full e-flex e-con e-child\" data-id=\"4b52cfe\" data-element_type=\"container\" data-e-type=\"container\">\n\t\t\t\t<div class=\"elementor-element elementor-element-de3ae46 elementor-widget elementor-widget-heading\" data-id=\"de3ae46\" data-element_type=\"widget\" data-e-type=\"widget\" data-widget_type=\"heading.default\">\n\t\t\t\t<div class=\"elementor-widget-container\">\n\t\t\t\t\t<h3 class=\"elementor-heading-title elementor-size-default\">Anatomische Modelle<\/h3>\t\t\t\t<\/div>\n\t\t\t\t<\/div>\n\t\t\t\t<div class=\"elementor-element elementor-element-4d8cd86 elementor-widget elementor-widget-text-editor\" data-id=\"4d8cd86\" data-element_type=\"widget\" data-e-type=\"widget\" data-widget_type=\"text-editor.default\">\n\t\t\t\t<div class=\"elementor-widget-container\">\n\t\t\t\t\t\t\t\t\t<p>Anatomische Modelle sind <strong>detaillierte Nachbildungen<\/strong> menschlicher Strukturen, Organe und Systeme, die f\u00fcr Ausbildungszwecke, die medizinische Forschung und die klinische Praxis verwendet werden.<\/p>\n\t\t\t\t\t\t\t\t<\/div>\n\t\t\t\t<\/div>\n\t\t\t\t<div class=\"elementor-element elementor-element-40762da elementor-widget elementor-widget-button\" data-id=\"40762da\" data-element_type=\"widget\" data-e-type=\"widget\" data-widget_type=\"button.default\">\n\t\t\t\t<div class=\"elementor-widget-container\">\n\t\t\t\t\t\t\t\t\t<div class=\"elementor-button-wrapper\">\n\t\t\t\t\t<a class=\"elementor-button elementor-button-link elementor-size-sm\" href=\"https:\/\/3dvsp.com\/de\/medizinische-geraete\/anatomische-modelle\/\">\n\t\t\t\t\t\t<span class=\"elementor-button-content-wrapper\">\n\t\t\t\t\t\t<span class=\"elementor-button-icon\">\n\t\t\t\t<svg xmlns=\"http:\/\/www.w3.org\/2000\/svg\" width=\"20\" height=\"14\" viewBox=\"0 0 20 14\" fill=\"none\"><path d=\"M14.1797 0.945312L19.8047 6.57031C19.9219 6.6875 20 6.84375 20 7C20 7.11719 19.9219 7.3125 19.8047 7.42969L14.1797 13.0547C13.9453 13.2891 13.5156 13.2891 13.2812 13.0547C13.0469 12.8203 13.0469 12.4297 13.2812 12.1562L17.8516 7.625H0.625C0.273438 7.625 0 7.3125 0 7C0 6.6875 0.273438 6.375 0.625 6.375H17.8516L13.2812 1.84375C13.0469 1.60938 13.0469 1.17969 13.2812 0.945312C13.5156 0.710938 13.9453 0.710938 14.1797 0.945312Z\" fill=\"white\"><\/path><\/svg>\t\t\t<\/span>\n\t\t\t\t\t\t\t\t\t<span class=\"elementor-button-text\">Mehr erfahren<\/span>\n\t\t\t\t\t<\/span>\n\t\t\t\t\t<\/a>\n\t\t\t\t<\/div>\n\t\t\t\t\t\t\t\t<\/div>\n\t\t\t\t<\/div>\n\t\t\t\t<\/div>\n\t\t<div class=\"elementor-element elementor-element-deec829 e-con-full e-flex e-con e-child\" data-id=\"deec829\" data-element_type=\"container\" data-e-type=\"container\">\n\t\t\t\t<div class=\"elementor-element elementor-element-6d45046 elementor-widget elementor-widget-heading\" data-id=\"6d45046\" data-element_type=\"widget\" data-e-type=\"widget\" data-widget_type=\"heading.default\">\n\t\t\t\t<div class=\"elementor-widget-container\">\n\t\t\t\t\t<h3 class=\"elementor-heading-title elementor-size-default\">Orthognathe Schienen<\/h3>\t\t\t\t<\/div>\n\t\t\t\t<\/div>\n\t\t\t\t<div class=\"elementor-element elementor-element-582c936 elementor-widget elementor-widget-text-editor\" data-id=\"582c936\" data-element_type=\"widget\" data-e-type=\"widget\" data-widget_type=\"text-editor.default\">\n\t\t\t\t<div class=\"elementor-widget-container\">\n\t\t\t\t\t\t\t\t\t<p>Orthognathe Schienen sind ma\u00dfgefertigte <strong>chirurgische Ger\u00e4te<\/strong>, die die Positionierung, Fixierung und Stabilisierung von Kiefersegmenten w\u00e4hrend <strong>orthognatischer Eingriffe<\/strong> erleichtern. <\/p>\n\t\t\t\t\t\t\t\t<\/div>\n\t\t\t\t<\/div>\n\t\t\t\t<div class=\"elementor-element elementor-element-3092d89 elementor-widget elementor-widget-button\" data-id=\"3092d89\" data-element_type=\"widget\" data-e-type=\"widget\" data-widget_type=\"button.default\">\n\t\t\t\t<div class=\"elementor-widget-container\">\n\t\t\t\t\t\t\t\t\t<div class=\"elementor-button-wrapper\">\n\t\t\t\t\t<a class=\"elementor-button elementor-button-link elementor-size-sm\" href=\"https:\/\/3dvsp.com\/de\/medizinische-geraete\/orthognathische-schienen\/\">\n\t\t\t\t\t\t<span class=\"elementor-button-content-wrapper\">\n\t\t\t\t\t\t<span class=\"elementor-button-icon\">\n\t\t\t\t<svg xmlns=\"http:\/\/www.w3.org\/2000\/svg\" width=\"20\" height=\"14\" viewBox=\"0 0 20 14\" fill=\"none\"><path d=\"M14.1797 0.945312L19.8047 6.57031C19.9219 6.6875 20 6.84375 20 7C20 7.11719 19.9219 7.3125 19.8047 7.42969L14.1797 13.0547C13.9453 13.2891 13.5156 13.2891 13.2812 13.0547C13.0469 12.8203 13.0469 12.4297 13.2812 12.1562L17.8516 7.625H0.625C0.273438 7.625 0 7.3125 0 7C0 6.6875 0.273438 6.375 0.625 6.375H17.8516L13.2812 1.84375C13.0469 1.60938 13.0469 1.17969 13.2812 0.945312C13.5156 0.710938 13.9453 0.710938 14.1797 0.945312Z\" fill=\"white\"><\/path><\/svg>\t\t\t<\/span>\n\t\t\t\t\t\t\t\t\t<span class=\"elementor-button-text\">Mehr erfahren<\/span>\n\t\t\t\t\t<\/span>\n\t\t\t\t\t<\/a>\n\t\t\t\t<\/div>\n\t\t\t\t\t\t\t\t<\/div>\n\t\t\t\t<\/div>\n\t\t\t\t<\/div>\n\t\t<div class=\"elementor-element elementor-element-09c1087 e-con-full e-flex e-con e-child\" data-id=\"09c1087\" data-element_type=\"container\" data-e-type=\"container\">\n\t\t\t\t<div class=\"elementor-element elementor-element-ea87364 elementor-widget elementor-widget-heading\" data-id=\"ea87364\" data-element_type=\"widget\" data-e-type=\"widget\" data-widget_type=\"heading.default\">\n\t\t\t\t<div class=\"elementor-widget-container\">\n\t\t\t\t\t<h3 class=\"elementor-heading-title elementor-size-default\">Chirurgische Leitf\u00e4den<\/h3>\t\t\t\t<\/div>\n\t\t\t\t<\/div>\n\t\t\t\t<div class=\"elementor-element elementor-element-933d16e elementor-widget elementor-widget-text-editor\" data-id=\"933d16e\" data-element_type=\"widget\" data-e-type=\"widget\" data-widget_type=\"text-editor.default\">\n\t\t\t\t<div class=\"elementor-widget-container\">\n\t\t\t\t\t\t\t\t\t<p>Anhand von 3D-Bildern entwickeln wir <strong>chirurgische Schablonen<\/strong>, die auf die Anatomie des Patienten abgestimmt sind. Ob in der orthofazialen Chirurgie, Implantologie oder Onkologie, unsere Schablonen gew\u00e4hrleisten eine pr\u00e4zise Platzierung von Implantaten oder chirurgischen Instrumenten. <\/p>\n\t\t\t\t\t\t\t\t<\/div>\n\t\t\t\t<\/div>\n\t\t\t\t<div class=\"elementor-element elementor-element-5163825 elementor-widget elementor-widget-button\" data-id=\"5163825\" data-element_type=\"widget\" data-e-type=\"widget\" data-widget_type=\"button.default\">\n\t\t\t\t<div class=\"elementor-widget-container\">\n\t\t\t\t\t\t\t\t\t<div class=\"elementor-button-wrapper\">\n\t\t\t\t\t<a class=\"elementor-button elementor-button-link elementor-size-sm\" href=\"https:\/\/3dvsp.com\/de\/medizinische-geraete\/chirurgische-leitfaeden\/\">\n\t\t\t\t\t\t<span class=\"elementor-button-content-wrapper\">\n\t\t\t\t\t\t<span class=\"elementor-button-icon\">\n\t\t\t\t<svg xmlns=\"http:\/\/www.w3.org\/2000\/svg\" width=\"20\" height=\"14\" viewBox=\"0 0 20 14\" fill=\"none\"><path d=\"M14.1797 0.945312L19.8047 6.57031C19.9219 6.6875 20 6.84375 20 7C20 7.11719 19.9219 7.3125 19.8047 7.42969L14.1797 13.0547C13.9453 13.2891 13.5156 13.2891 13.2812 13.0547C13.0469 12.8203 13.0469 12.4297 13.2812 12.1562L17.8516 7.625H0.625C0.273438 7.625 0 7.3125 0 7C0 6.6875 0.273438 6.375 0.625 6.375H17.8516L13.2812 1.84375C13.0469 1.60938 13.0469 1.17969 13.2812 0.945312C13.5156 0.710938 13.9453 0.710938 14.1797 0.945312Z\" fill=\"white\"><\/path><\/svg>\t\t\t<\/span>\n\t\t\t\t\t\t\t\t\t<span class=\"elementor-button-text\">Mehr erfahren<\/span>\n\t\t\t\t\t<\/span>\n\t\t\t\t\t<\/a>\n\t\t\t\t<\/div>\n\t\t\t\t\t\t\t\t<\/div>\n\t\t\t\t<\/div>\n\t\t\t\t<\/div>\n\t\t<div class=\"elementor-element elementor-element-5af1073 e-con-full e-flex e-con e-child\" data-id=\"5af1073\" data-element_type=\"container\" data-e-type=\"container\">\n\t\t\t\t<div class=\"elementor-element elementor-element-4b621f7 elementor-widget elementor-widget-heading\" data-id=\"4b621f7\" data-element_type=\"widget\" data-e-type=\"widget\" data-widget_type=\"heading.default\">\n\t\t\t\t<div class=\"elementor-widget-container\">\n\t\t\t\t\t<h3 class=\"elementor-heading-title elementor-size-default\">Onlay-Implantate<\/h3>\t\t\t\t<\/div>\n\t\t\t\t<\/div>\n\t\t\t\t<div class=\"elementor-element elementor-element-b0ee754 elementor-widget elementor-widget-text-editor\" data-id=\"b0ee754\" data-element_type=\"widget\" data-e-type=\"widget\" data-widget_type=\"text-editor.default\">\n\t\t\t\t<div class=\"elementor-widget-container\">\n\t\t\t\t\t\t\t\t\t<p>F\u00fcr viele Menschen spielen die Gesichtskonturen eine entscheidende Rolle f\u00fcr ihr Aussehen und ihr Selbstvertrauen. <strong>Onlay-Implantate<\/strong> k\u00f6nnen helfen, Asymmetrien zu korrigieren, Volumen wiederherzustellen oder die Gesichtsproportionen subtil zu verbessern.<\/p>\n\t\t\t\t\t\t\t\t<\/div>\n\t\t\t\t<\/div>\n\t\t\t\t<div class=\"elementor-element elementor-element-8fb554e elementor-widget elementor-widget-button\" data-id=\"8fb554e\" data-element_type=\"widget\" data-e-type=\"widget\" data-widget_type=\"button.default\">\n\t\t\t\t<div class=\"elementor-widget-container\">\n\t\t\t\t\t\t\t\t\t<div class=\"elementor-button-wrapper\">\n\t\t\t\t\t<a class=\"elementor-button elementor-button-link elementor-size-sm\" href=\"https:\/\/3dvsp.com\/de\/medizinische-geraete\/onlay-implantate\/\">\n\t\t\t\t\t\t<span class=\"elementor-button-content-wrapper\">\n\t\t\t\t\t\t<span class=\"elementor-button-icon\">\n\t\t\t\t<svg xmlns=\"http:\/\/www.w3.org\/2000\/svg\" width=\"20\" height=\"14\" viewBox=\"0 0 20 14\" fill=\"none\"><path d=\"M14.1797 0.945312L19.8047 6.57031C19.9219 6.6875 20 6.84375 20 7C20 7.11719 19.9219 7.3125 19.8047 7.42969L14.1797 13.0547C13.9453 13.2891 13.5156 13.2891 13.2812 13.0547C13.0469 12.8203 13.0469 12.4297 13.2812 12.1562L17.8516 7.625H0.625C0.273438 7.625 0 7.3125 0 7C0 6.6875 0.273438 6.375 0.625 6.375H17.8516L13.2812 1.84375C13.0469 1.60938 13.0469 1.17969 13.2812 0.945312C13.5156 0.710938 13.9453 0.710938 14.1797 0.945312Z\" fill=\"white\"><\/path><\/svg>\t\t\t<\/span>\n\t\t\t\t\t\t\t\t\t<span class=\"elementor-button-text\">Mehr erfahren<\/span>\n\t\t\t\t\t<\/span>\n\t\t\t\t\t<\/a>\n\t\t\t\t<\/div>\n\t\t\t\t\t\t\t\t<\/div>\n\t\t\t\t<\/div>\n\t\t\t\t<\/div>\n\t\t<div class=\"elementor-element elementor-element-5dd0399 e-con-full e-flex e-con e-child\" data-id=\"5dd0399\" data-element_type=\"container\" data-e-type=\"container\">\n\t\t\t\t<div class=\"elementor-element elementor-element-07f1f91 elementor-widget elementor-widget-heading\" data-id=\"07f1f91\" data-element_type=\"widget\" data-e-type=\"widget\" data-widget_type=\"heading.default\">\n\t\t\t\t<div class=\"elementor-widget-container\">\n\t\t\t\t\t<h3 class=\"elementor-heading-title elementor-size-default\">Osteosynthese <\/h3>\t\t\t\t<\/div>\n\t\t\t\t<\/div>\n\t\t\t\t<div class=\"elementor-element elementor-element-2c6468e elementor-widget elementor-widget-text-editor\" data-id=\"2c6468e\" data-element_type=\"widget\" data-e-type=\"widget\" data-widget_type=\"text-editor.default\">\n\t\t\t\t<div class=\"elementor-widget-container\">\n\t\t\t\t\t\t\t\t\t<p>Die <strong>Osteosynthese <\/strong>ist ein chirurgisches Verfahren zur Stabilisierung gebrochener oder verschobener Knochen durch interne Fixierung.<\/p>\n\t\t\t\t\t\t\t\t<\/div>\n\t\t\t\t<\/div>\n\t\t\t\t<div class=\"elementor-element elementor-element-e8577d8 elementor-widget elementor-widget-button\" data-id=\"e8577d8\" data-element_type=\"widget\" data-e-type=\"widget\" data-widget_type=\"button.default\">\n\t\t\t\t<div class=\"elementor-widget-container\">\n\t\t\t\t\t\t\t\t\t<div class=\"elementor-button-wrapper\">\n\t\t\t\t\t<a class=\"elementor-button elementor-button-link elementor-size-sm\" href=\"https:\/\/3dvsp.com\/de\/medizinische-geraete\/osteosynthese\/\">\n\t\t\t\t\t\t<span class=\"elementor-button-content-wrapper\">\n\t\t\t\t\t\t<span class=\"elementor-button-icon\">\n\t\t\t\t<svg xmlns=\"http:\/\/www.w3.org\/2000\/svg\" width=\"20\" height=\"14\" viewBox=\"0 0 20 14\" fill=\"none\"><path d=\"M14.1797 0.945312L19.8047 6.57031C19.9219 6.6875 20 6.84375 20 7C20 7.11719 19.9219 7.3125 19.8047 7.42969L14.1797 13.0547C13.9453 13.2891 13.5156 13.2891 13.2812 13.0547C13.0469 12.8203 13.0469 12.4297 13.2812 12.1562L17.8516 7.625H0.625C0.273438 7.625 0 7.3125 0 7C0 6.6875 0.273438 6.375 0.625 6.375H17.8516L13.2812 1.84375C13.0469 1.60938 13.0469 1.17969 13.2812 0.945312C13.5156 0.710938 13.9453 0.710938 14.1797 0.945312Z\" fill=\"white\"><\/path><\/svg>\t\t\t<\/span>\n\t\t\t\t\t\t\t\t\t<span class=\"elementor-button-text\">Mehr erfahren<\/span>\n\t\t\t\t\t<\/span>\n\t\t\t\t\t<\/a>\n\t\t\t\t<\/div>\n\t\t\t\t\t\t\t\t<\/div>\n\t\t\t\t<\/div>\n\t\t\t\t<\/div>\n\t\t\t\t\t<\/div>\n\t\t\t\t<\/div>\n\t\t\t\t<\/div>\n\t\t","protected":false},"excerpt":{"rendered":"<p>Medizinische Ger\u00e4te 3D VSP Medizinische Ger\u00e4te Anatomische Modelle Anatomische Modelle sind detaillierte Nachbildungen menschlicher Strukturen, Organe und Systeme, die f\u00fcr Ausbildungszwecke, die medizinische Forschung und die klinische Praxis verwendet werden. Mehr erfahren Orthognathe Schienen Orthognathe Schienen sind ma\u00dfgefertigte chirurgische Ger\u00e4te, die die Positionierung, Fixierung und Stabilisierung von Kiefersegmenten w\u00e4hrend orthognatischer Eingriffe erleichtern. Mehr erfahren Chirurgische [&hellip;]<\/p>\n","protected":false},"author":1,"featured_media":0,"parent":0,"menu_order":0,"comment_status":"closed","ping_status":"closed","template":"","meta":{"footnotes":""},"class_list":["post-3762","page","type-page","status-publish","hentry"],"yoast_head":"<!-- This site is optimized with the Yoast SEO plugin v27.3 - https:\/\/yoast.com\/product\/yoast-seo-wordpress\/ -->\n<title>Medizinische Ger\u00e4te - 3D VSP<\/title>\n<meta name=\"robots\" content=\"index, follow, max-snippet:-1, max-image-preview:large, max-video-preview:-1\" \/>\n<link rel=\"canonical\" href=\"https:\/\/3dvsp.com\/medical-devices\/\" \/>\n<meta property=\"og:locale\" content=\"de_DE\" \/>\n<meta property=\"og:type\" content=\"article\" \/>\n<meta property=\"og:title\" content=\"Medizinische Ger\u00e4te - 3D VSP\" \/>\n<meta property=\"og:description\" content=\"Medizinische Ger\u00e4te 3D VSP Medizinische Ger\u00e4te Anatomische Modelle Anatomische Modelle sind detaillierte Nachbildungen menschlicher Strukturen, Organe und Systeme, die f\u00fcr Ausbildungszwecke, die medizinische Forschung und die klinische Praxis verwendet werden. Mehr erfahren Orthognathe Schienen Orthognathe Schienen sind ma\u00dfgefertigte chirurgische Ger\u00e4te, die die Positionierung, Fixierung und Stabilisierung von Kiefersegmenten w\u00e4hrend orthognatischer Eingriffe erleichtern. Mehr erfahren Chirurgische [&hellip;]\" \/>\n<meta property=\"og:url\" content=\"https:\/\/3dvsp.com\/medical-devices\/\" \/>\n<meta property=\"og:site_name\" content=\"3D VSP\" \/>\n<meta property=\"article:modified_time\" content=\"2024-11-05T08:29:43+00:00\" \/>\n<meta name=\"twitter:card\" content=\"summary_large_image\" \/>\n<meta name=\"twitter:label1\" content=\"Gesch\u00e4tzte Lesezeit\" \/>\n\t<meta name=\"twitter:data1\" content=\"1\u00a0Minute\" \/>\n<script type=\"application\/ld+json\" class=\"yoast-schema-graph\">{\"@context\":\"https:\\\/\\\/schema.org\",\"@graph\":[{\"@type\":\"WebPage\",\"@id\":\"https:\\\/\\\/3dvsp.com\\\/medical-devices\\\/\",\"url\":\"https:\\\/\\\/3dvsp.com\\\/medical-devices\\\/\",\"name\":\"Medizinische Ger\u00e4te - 3D VSP\",\"isPartOf\":{\"@id\":\"https:\\\/\\\/3dvsp.com\\\/#website\"},\"datePublished\":\"2024-06-18T07:45:17+00:00\",\"dateModified\":\"2024-11-05T08:29:43+00:00\",\"breadcrumb\":{\"@id\":\"https:\\\/\\\/3dvsp.com\\\/medical-devices\\\/#breadcrumb\"},\"inLanguage\":\"de\",\"potentialAction\":[{\"@type\":\"ReadAction\",\"target\":[\"https:\\\/\\\/3dvsp.com\\\/medical-devices\\\/\"]}]},{\"@type\":\"BreadcrumbList\",\"@id\":\"https:\\\/\\\/3dvsp.com\\\/medical-devices\\\/#breadcrumb\",\"itemListElement\":[{\"@type\":\"ListItem\",\"position\":1,\"name\":\"Home\",\"item\":\"https:\\\/\\\/3dvsp.com\\\/de\\\/homepage\\\/\"},{\"@type\":\"ListItem\",\"position\":2,\"name\":\"Medizinische Ger\u00e4te\"}]},{\"@type\":\"WebSite\",\"@id\":\"https:\\\/\\\/3dvsp.com\\\/#website\",\"url\":\"https:\\\/\\\/3dvsp.com\\\/\",\"name\":\"3D VSP\",\"description\":\"Connecting expertise\",\"publisher\":{\"@id\":\"https:\\\/\\\/3dvsp.com\\\/#organization\"},\"alternateName\":\"3D Virtual Surgical Planning\",\"potentialAction\":[{\"@type\":\"SearchAction\",\"target\":{\"@type\":\"EntryPoint\",\"urlTemplate\":\"https:\\\/\\\/3dvsp.com\\\/?s={search_term_string}\"},\"query-input\":{\"@type\":\"PropertyValueSpecification\",\"valueRequired\":true,\"valueName\":\"search_term_string\"}}],\"inLanguage\":\"de\"},{\"@type\":\"Organization\",\"@id\":\"https:\\\/\\\/3dvsp.com\\\/#organization\",\"name\":\"3D VSP\",\"alternateName\":\"3D Virtual Surgical Planning\",\"url\":\"https:\\\/\\\/3dvsp.com\\\/\",\"logo\":{\"@type\":\"ImageObject\",\"inLanguage\":\"de\",\"@id\":\"https:\\\/\\\/3dvsp.com\\\/#\\\/schema\\\/logo\\\/image\\\/\",\"url\":\"https:\\\/\\\/3dvsp.com\\\/wp-content\\\/uploads\\\/2021\\\/04\\\/3D_VSP-logo.svg\",\"contentUrl\":\"https:\\\/\\\/3dvsp.com\\\/wp-content\\\/uploads\\\/2021\\\/04\\\/3D_VSP-logo.svg\",\"width\":915,\"height\":391,\"caption\":\"3D VSP\"},\"image\":{\"@id\":\"https:\\\/\\\/3dvsp.com\\\/#\\\/schema\\\/logo\\\/image\\\/\"}}]}<\/script>\n<!-- \/ Yoast SEO plugin. -->","yoast_head_json":{"title":"Medizinische Ger\u00e4te - 3D VSP","robots":{"index":"index","follow":"follow","max-snippet":"max-snippet:-1","max-image-preview":"max-image-preview:large","max-video-preview":"max-video-preview:-1"},"canonical":"https:\/\/3dvsp.com\/medical-devices\/","og_locale":"de_DE","og_type":"article","og_title":"Medizinische Ger\u00e4te - 3D VSP","og_description":"Medizinische Ger\u00e4te 3D VSP Medizinische Ger\u00e4te Anatomische Modelle Anatomische Modelle sind detaillierte Nachbildungen menschlicher Strukturen, Organe und Systeme, die f\u00fcr Ausbildungszwecke, die medizinische Forschung und die klinische Praxis verwendet werden. Mehr erfahren Orthognathe Schienen Orthognathe Schienen sind ma\u00dfgefertigte chirurgische Ger\u00e4te, die die Positionierung, Fixierung und Stabilisierung von Kiefersegmenten w\u00e4hrend orthognatischer Eingriffe erleichtern. Mehr erfahren Chirurgische [&hellip;]","og_url":"https:\/\/3dvsp.com\/medical-devices\/","og_site_name":"3D VSP","article_modified_time":"2024-11-05T08:29:43+00:00","twitter_card":"summary_large_image","twitter_misc":{"Gesch\u00e4tzte Lesezeit":"1\u00a0Minute"},"schema":{"@context":"https:\/\/schema.org","@graph":[{"@type":"WebPage","@id":"https:\/\/3dvsp.com\/medical-devices\/","url":"https:\/\/3dvsp.com\/medical-devices\/","name":"Medizinische Ger\u00e4te - 3D VSP","isPartOf":{"@id":"https:\/\/3dvsp.com\/#website"},"datePublished":"2024-06-18T07:45:17+00:00","dateModified":"2024-11-05T08:29:43+00:00","breadcrumb":{"@id":"https:\/\/3dvsp.com\/medical-devices\/#breadcrumb"},"inLanguage":"de","potentialAction":[{"@type":"ReadAction","target":["https:\/\/3dvsp.com\/medical-devices\/"]}]},{"@type":"BreadcrumbList","@id":"https:\/\/3dvsp.com\/medical-devices\/#breadcrumb","itemListElement":[{"@type":"ListItem","position":1,"name":"Home","item":"https:\/\/3dvsp.com\/de\/homepage\/"},{"@type":"ListItem","position":2,"name":"Medizinische Ger\u00e4te"}]},{"@type":"WebSite","@id":"https:\/\/3dvsp.com\/#website","url":"https:\/\/3dvsp.com\/","name":"3D VSP","description":"Connecting expertise","publisher":{"@id":"https:\/\/3dvsp.com\/#organization"},"alternateName":"3D Virtual Surgical Planning","potentialAction":[{"@type":"SearchAction","target":{"@type":"EntryPoint","urlTemplate":"https:\/\/3dvsp.com\/?s={search_term_string}"},"query-input":{"@type":"PropertyValueSpecification","valueRequired":true,"valueName":"search_term_string"}}],"inLanguage":"de"},{"@type":"Organization","@id":"https:\/\/3dvsp.com\/#organization","name":"3D VSP","alternateName":"3D Virtual Surgical Planning","url":"https:\/\/3dvsp.com\/","logo":{"@type":"ImageObject","inLanguage":"de","@id":"https:\/\/3dvsp.com\/#\/schema\/logo\/image\/","url":"https:\/\/3dvsp.com\/wp-content\/uploads\/2021\/04\/3D_VSP-logo.svg","contentUrl":"https:\/\/3dvsp.com\/wp-content\/uploads\/2021\/04\/3D_VSP-logo.svg","width":915,"height":391,"caption":"3D VSP"},"image":{"@id":"https:\/\/3dvsp.com\/#\/schema\/logo\/image\/"}}]}},"_links":{"self":[{"href":"https:\/\/3dvsp.com\/de\/wp-json\/wp\/v2\/pages\/3762","targetHints":{"allow":["GET"]}}],"collection":[{"href":"https:\/\/3dvsp.com\/de\/wp-json\/wp\/v2\/pages"}],"about":[{"href":"https:\/\/3dvsp.com\/de\/wp-json\/wp\/v2\/types\/page"}],"author":[{"embeddable":true,"href":"https:\/\/3dvsp.com\/de\/wp-json\/wp\/v2\/users\/1"}],"replies":[{"embeddable":true,"href":"https:\/\/3dvsp.com\/de\/wp-json\/wp\/v2\/comments?post=3762"}],"version-history":[{"count":3,"href":"https:\/\/3dvsp.com\/de\/wp-json\/wp\/v2\/pages\/3762\/revisions"}],"predecessor-version":[{"id":4359,"href":"https:\/\/3dvsp.com\/de\/wp-json\/wp\/v2\/pages\/3762\/revisions\/4359"}],"wp:attachment":[{"href":"https:\/\/3dvsp.com\/de\/wp-json\/wp\/v2\/media?parent=3762"}],"curies":[{"name":"wp","href":"https:\/\/api.w.org\/{rel}","templated":true}]}}